{"id":8219,"date":"2024-09-10T14:58:28","date_gmt":"2024-09-10T12:58:28","guid":{"rendered":"https:\/\/cathylkerempichon.com\/?page_id=8219"},"modified":"2024-09-10T17:18:41","modified_gmt":"2024-09-10T15:18:41","slug":"mentions-legales","status":"publish","type":"page","link":"https:\/\/cathylkerempichon.com\/index.php\/mentions-legales\/","title":{"rendered":"MENTIONS LEGALES"},"content":{"rendered":"\t\t<div data-elementor-type=\"wp-page\" data-elementor-id=\"8219\" class=\"elementor elementor-8219\">\n\t\t\t\t\t\t<section class=\"elementor-section elementor-top-section elementor-element elementor-element-5ce1ade elementor-section-full_width elementor-section-height-default elementor-section-height-default\" data-id=\"5ce1ade\" data-element_type=\"section\" data-e-type=\"section\" data-settings=\"{&quot;background_background&quot;:&quot;classic&quot;}\">\n\t\t\t\t\t\t<div class=\"elementor-container elementor-column-gap-default\">\n\t\t\t\t\t<div class=\"elementor-column elementor-col-100 elementor-top-column elementor-element elementor-element-7d3b210\" data-id=\"7d3b210\" data-element_type=\"column\" data-e-type=\"column\">\n\t\t\t<div class=\"elementor-widget-wrap elementor-element-populated\">\n\t\t\t\t\t\t<div class=\"elementor-element elementor-element-223acda elementor-widget elementor-widget-text-editor\" data-id=\"223acda\" data-element_type=\"widget\" data-e-type=\"widget\" data-widget_type=\"text-editor.default\">\n\t\t\t\t<div class=\"elementor-widget-container\">\n\t\t\t\t\t\t\t\t\t<p><strong>Mentions l\u00e9gales<\/strong><\/p><p>Conform\u00e9ment aux dispositions de la loi n\u00b02004-575 du 21 juin 2004 pour la Confiance en l\u2019\u00e9conomie num\u00e9rique, il est port\u00e9 \u00e0 la connaissance des utilisateurs et visiteurs, ci-apr\u00e8s l&rsquo; \u00ab\u00a0Utilisateur\u00a0\u00bb, du site https:\/\/www.cathylkerempichon.com , ci-apr\u00e8s le \u00ab\u00a0Site\u00a0\u00bb, les pr\u00e9sentes mentions l\u00e9gales.<\/p><p>La connexion et la navigation sur le Site par l\u2019Utilisateur implique acceptation int\u00e9grale et sans r\u00e9serve des pr\u00e9sentes mentions l\u00e9gales.<\/p><p class=\"font_8 wixui-rich-text__text\"><strong>Identification :<\/strong><\/p><p class=\"font_8 wixui-rich-text__text\">L&rsquo;entreprise Cathy L . K\u00e9rempichon est une micro entreprise enregistr\u00e9e au Registre National des entreprises sous le num\u00e9ro Siret : 80783459300012, code APE : 7420Z<\/p><p class=\"font_8 wixui-rich-text__text\"><span class=\"wixGuard wixui-rich-text__text\">\u200b<\/span><\/p><p class=\"font_8 wixui-rich-text__text\">Son si\u00e8ge social se situe 12 r\u00e9sidence Lise Bellec, 22710 Penv\u00e9nan<\/p><p class=\"font_8 wixui-rich-text__text\">Contact : par courrier \u00e0 l&rsquo;adresse mentionn\u00e9e ci-dessus, par mail (<a href=\"ck@cathylkerempichon.com\">ck@cathylkerempichon.com)<\/a> ou par t\u00e9l\u00e9phone au 06 09 10 63 61.<\/p><p class=\"font_8 wixui-rich-text__text\">Responsable de la r\u00e9daction et publication du site : Mme Cathy K\u00e9rempichon<\/p><p class=\"font_8 wixui-rich-text__text\"><span class=\"wixGuard wixui-rich-text__text\">\u200b<\/span><\/p><p class=\"font_8 wixui-rich-text__text\"><strong>H\u00e9bergement du site :<\/strong><\/p><p>SAS au capital de 50 000 000 \u20ac<\/p><p>RCS Lille M\u00e9tropole 424 761 419 00045<br \/>Code APE 2620Z<br \/>N\u00b0 TVA : FR 22 424 761 419<br \/>Si\u00e8ge social : 2 rue Kellermann &#8211; 59100 Roubaix &#8211; France<\/p><p>OVH SAS est une filiale de la soci\u00e9t\u00e9 OVH Groupe SA, soci\u00e9t\u00e9 immatricul\u00e9e au RCS de Lille sous le num\u00e9ro 537 407 926 sise 2, rue Kellermann, 59100 Roubaix.<\/p><p>Directeur de la publication\u00a0:\u00a0Michel Paulin<\/p><p>Ce site est h\u00e9berg\u00e9 par OVH SAS 2 rue Kellermann &#8211; 59100 Roubaix &#8211; France<\/p><p><strong>Modifications<\/strong><br \/>En acc\u00e9dant et en naviguant sur ce site, l&rsquo;utilisateur est inform\u00e9 de ses droits et obligations et accepte pleinement de se conformer aux pr\u00e9sentes conditions d&rsquo;utilisations du site. L&rsquo;\u00e9diteur du site se r\u00e9serve la possibilit\u00e9 de modifier ces conditions. Il appartient \u00e0 l&rsquo;utilisateur de v\u00e9rifier p\u00e9riodiquement le contenu des documents concern\u00e9s. L&rsquo;\u00e9diteur se r\u00e9serve la possibilit\u00e9 de supprimer ou de modifier en tout ou partie le \u00ab site \u00bb.<\/p><p><strong>Responsabilit\u00e9s<\/strong><br \/>L&rsquo;\u00e9diteur du site Cathy L . K\u00e9rempichon met tout en \u0153uvre pour assurer l&rsquo;exactitude et la mise \u00e0 jour de l&rsquo;ensemble des informations fournies sur son site.<br \/>Il ne peut garantir que les informations contenues sur le site soient compl\u00e8tes, pr\u00e9cises, exactes, exhaustives et d\u00e9pourvues de toute erreur.<br \/>Cathy L . K\u00e9rempichon s&rsquo;engage, d\u00e8s qu&rsquo;un utilisateur quelconque transmet toute erreur constat\u00e9e aux coordonn\u00e9es ci-dessus, \u00e0 proc\u00e9der \u00e0 la correction dans les plus brefs d\u00e9lais.<\/p><p><strong>Accessibilit\u00e9<\/strong><br \/>Le site est par principe accessible aux utilisateurs 24\/24h et 7\/7j, sauf interruption, programm\u00e9e ou non, pour des besoins de maintenance ou en cas de force majeure.<br \/>En cas d&rsquo;indisponibilit\u00e9 d&rsquo;acc\u00e8s au site, celui-ci s&rsquo;engage \u00e0 faire son maximum afin de r\u00e9tablir l&rsquo;acc\u00e8s.<br \/>Le site ne saurait \u00eatre tenu pour responsable de tout dommage, quelle qu&rsquo;en soit la nature, r\u00e9sultant de son indisponibilit\u00e9.<\/p><p>Conditions g\u00e9n\u00e9rales de vente\u00a0 disponible sur<strong> <a href=\"https:\/\/cathylkerempichon.com\/index.php\/conditions-generales-de-vente\/\" target=\"_blank\" rel=\"noopener\">cette page<\/a><\/strong><\/p>\t\t\t\t\t\t\t\t<\/div>\n\t\t\t\t<\/div>\n\t\t\t\t\t<\/div>\n\t\t<\/div>\n\t\t\t\t\t<\/div>\n\t\t<\/section>\n\t\t\t\t<\/div>\n\t\t","protected":false},"excerpt":{"rendered":"<p>Mentions l\u00e9gales Conform\u00e9ment aux dispositions de la loi n\u00b02004-575 du 21 juin 2004 pour la Confiance en l\u2019\u00e9conomie num\u00e9rique, il est port\u00e9 \u00e0 la connaissance des utilisateurs et visiteurs, ci-apr\u00e8s l&rsquo; \u00ab\u00a0Utilisateur\u00a0\u00bb, du site https:\/\/www.cathylkerempichon.com , ci-apr\u00e8s le \u00ab\u00a0Site\u00a0\u00bb, les pr\u00e9sentes mentions l\u00e9gales. La connexion et la navigation sur le Site par l\u2019Utilisateur implique acceptation &hellip; <\/p>\n<p class=\"link-more\"><a href=\"https:\/\/cathylkerempichon.com\/index.php\/mentions-legales\/\" class=\"more-link\">Lire la suite de<span class=\"screen-reader-text\">\u00ab\u00a0MENTIONS LEGALES\u00a0\u00bb<\/span><\/a><\/p>\n","protected":false},"author":1,"featured_media":0,"parent":0,"menu_order":0,"comment_status":"closed","ping_status":"closed","template":"","meta":{"footnotes":""},"class_list":["post-8219","page","type-page","status-publish","hentry"],"yoast_head":"<!-- This site is optimized with the Yoast SEO plugin v27.0 - https:\/\/yoast.com\/product\/yoast-seo-wordpress\/ -->\n<title>MENTIONS LEGALES - C L.K<\/title>\n<meta name=\"robots\" content=\"index, follow, max-snippet:-1, max-image-preview:large, max-video-preview:-1\" \/>\n<link rel=\"canonical\" href=\"https:\/\/cathylkerempichon.com\/index.php\/mentions-legales\/\" \/>\n<meta property=\"og:locale\" content=\"fr_FR\" \/>\n<meta property=\"og:type\" content=\"article\" \/>\n<meta property=\"og:title\" content=\"MENTIONS LEGALES - C L.K\" \/>\n<meta property=\"og:description\" content=\"Mentions l\u00e9gales Conform\u00e9ment aux dispositions de la loi n\u00b02004-575 du 21 juin 2004 pour la Confiance en l\u2019\u00e9conomie num\u00e9rique, il est port\u00e9 \u00e0 la connaissance des utilisateurs et visiteurs, ci-apr\u00e8s l&rsquo; \u00ab\u00a0Utilisateur\u00a0\u00bb, du site https:\/\/www.cathylkerempichon.com , ci-apr\u00e8s le \u00ab\u00a0Site\u00a0\u00bb, les pr\u00e9sentes mentions l\u00e9gales. La connexion et la navigation sur le Site par l\u2019Utilisateur implique acceptation &hellip; Lire la suite de\u00ab\u00a0MENTIONS LEGALES\u00a0\u00bb\" \/>\n<meta property=\"og:url\" content=\"https:\/\/cathylkerempichon.com\/index.php\/mentions-legales\/\" \/>\n<meta property=\"og:site_name\" content=\"C L.K\" \/>\n<meta property=\"article:publisher\" content=\"https:\/\/www.facebook.com\/profile.php?id=100063635105549\" \/>\n<meta property=\"article:modified_time\" content=\"2024-09-10T15:18:41+00:00\" \/>\n<meta property=\"og:image\" content=\"https:\/\/i0.wp.com\/cathylkerempichon.com\/wp-content\/uploads\/2023\/08\/Ajouter-un-titre.jpg?fit=1640%2C924&ssl=1\" \/>\n\t<meta property=\"og:image:width\" content=\"1640\" \/>\n\t<meta property=\"og:image:height\" content=\"924\" \/>\n\t<meta property=\"og:image:type\" content=\"image\/jpeg\" \/>\n<meta name=\"twitter:card\" content=\"summary_large_image\" \/>\n<meta name=\"twitter:label1\" content=\"Dur\u00e9e de lecture estim\u00e9e\" \/>\n\t<meta name=\"twitter:data1\" content=\"3 minutes\" \/>\n<script type=\"application\/ld+json\" class=\"yoast-schema-graph\">{\"@context\":\"https:\/\/schema.org\",\"@graph\":[{\"@type\":\"WebPage\",\"@id\":\"https:\/\/cathylkerempichon.com\/index.php\/mentions-legales\/\",\"url\":\"https:\/\/cathylkerempichon.com\/index.php\/mentions-legales\/\",\"name\":\"MENTIONS LEGALES - C L.K\",\"isPartOf\":{\"@id\":\"https:\/\/cathylkerempichon.com\/#website\"},\"datePublished\":\"2024-09-10T12:58:28+00:00\",\"dateModified\":\"2024-09-10T15:18:41+00:00\",\"breadcrumb\":{\"@id\":\"https:\/\/cathylkerempichon.com\/index.php\/mentions-legales\/#breadcrumb\"},\"inLanguage\":\"fr-FR\",\"potentialAction\":[{\"@type\":\"ReadAction\",\"target\":[\"https:\/\/cathylkerempichon.com\/index.php\/mentions-legales\/\"]}]},{\"@type\":\"BreadcrumbList\",\"@id\":\"https:\/\/cathylkerempichon.com\/index.php\/mentions-legales\/#breadcrumb\",\"itemListElement\":[{\"@type\":\"ListItem\",\"position\":1,\"name\":\"Accueil\",\"item\":\"https:\/\/cathylkerempichon.com\/\"},{\"@type\":\"ListItem\",\"position\":2,\"name\":\"MENTIONS LEGALES\"}]},{\"@type\":\"WebSite\",\"@id\":\"https:\/\/cathylkerempichon.com\/#website\",\"url\":\"https:\/\/cathylkerempichon.com\/\",\"name\":\"C L.K\",\"description\":\"Photographe dans les C\u00f4tes d&#039;Armor\",\"publisher\":{\"@id\":\"https:\/\/cathylkerempichon.com\/#organization\"},\"alternateName\":\"cathylkerempichon.com\",\"potentialAction\":[{\"@type\":\"SearchAction\",\"target\":{\"@type\":\"EntryPoint\",\"urlTemplate\":\"https:\/\/cathylkerempichon.com\/?s={search_term_string}\"},\"query-input\":{\"@type\":\"PropertyValueSpecification\",\"valueRequired\":true,\"valueName\":\"search_term_string\"}}],\"inLanguage\":\"fr-FR\"},{\"@type\":\"Organization\",\"@id\":\"https:\/\/cathylkerempichon.com\/#organization\",\"name\":\"Cathy L . Kerempichon\",\"url\":\"https:\/\/cathylkerempichon.com\/\",\"logo\":{\"@type\":\"ImageObject\",\"inLanguage\":\"fr-FR\",\"@id\":\"https:\/\/cathylkerempichon.com\/#\/schema\/logo\/image\/\",\"url\":\"https:\/\/cathylkerempichon.com\/wp-content\/uploads\/2023\/08\/Design-sans-titre-2.jpg\",\"contentUrl\":\"https:\/\/cathylkerempichon.com\/wp-content\/uploads\/2023\/08\/Design-sans-titre-2.jpg\",\"width\":1080,\"height\":1080,\"caption\":\"Cathy L . Kerempichon\"},\"image\":{\"@id\":\"https:\/\/cathylkerempichon.com\/#\/schema\/logo\/image\/\"},\"sameAs\":[\"https:\/\/www.facebook.com\/profile.php?id=100063635105549\",\"https:\/\/www.instagram.com\/cathy.lk.photographie\/\"]}]}<\/script>\n<!-- \/ Yoast SEO plugin. -->","yoast_head_json":{"title":"MENTIONS LEGALES - C L.K","robots":{"index":"index","follow":"follow","max-snippet":"max-snippet:-1","max-image-preview":"max-image-preview:large","max-video-preview":"max-video-preview:-1"},"canonical":"https:\/\/cathylkerempichon.com\/index.php\/mentions-legales\/","og_locale":"fr_FR","og_type":"article","og_title":"MENTIONS LEGALES - C L.K","og_description":"Mentions l\u00e9gales Conform\u00e9ment aux dispositions de la loi n\u00b02004-575 du 21 juin 2004 pour la Confiance en l\u2019\u00e9conomie num\u00e9rique, il est port\u00e9 \u00e0 la connaissance des utilisateurs et visiteurs, ci-apr\u00e8s l&rsquo; \u00ab\u00a0Utilisateur\u00a0\u00bb, du site https:\/\/www.cathylkerempichon.com , ci-apr\u00e8s le \u00ab\u00a0Site\u00a0\u00bb, les pr\u00e9sentes mentions l\u00e9gales. La connexion et la navigation sur le Site par l\u2019Utilisateur implique acceptation &hellip; Lire la suite de\u00ab\u00a0MENTIONS LEGALES\u00a0\u00bb","og_url":"https:\/\/cathylkerempichon.com\/index.php\/mentions-legales\/","og_site_name":"C L.K","article_publisher":"https:\/\/www.facebook.com\/profile.php?id=100063635105549","article_modified_time":"2024-09-10T15:18:41+00:00","og_image":[{"width":1640,"height":924,"url":"https:\/\/i0.wp.com\/cathylkerempichon.com\/wp-content\/uploads\/2023\/08\/Ajouter-un-titre.jpg?fit=1640%2C924&ssl=1","type":"image\/jpeg"}],"twitter_card":"summary_large_image","twitter_misc":{"Dur\u00e9e de lecture estim\u00e9e":"3 minutes"},"schema":{"@context":"https:\/\/schema.org","@graph":[{"@type":"WebPage","@id":"https:\/\/cathylkerempichon.com\/index.php\/mentions-legales\/","url":"https:\/\/cathylkerempichon.com\/index.php\/mentions-legales\/","name":"MENTIONS LEGALES - C L.K","isPartOf":{"@id":"https:\/\/cathylkerempichon.com\/#website"},"datePublished":"2024-09-10T12:58:28+00:00","dateModified":"2024-09-10T15:18:41+00:00","breadcrumb":{"@id":"https:\/\/cathylkerempichon.com\/index.php\/mentions-legales\/#breadcrumb"},"inLanguage":"fr-FR","potentialAction":[{"@type":"ReadAction","target":["https:\/\/cathylkerempichon.com\/index.php\/mentions-legales\/"]}]},{"@type":"BreadcrumbList","@id":"https:\/\/cathylkerempichon.com\/index.php\/mentions-legales\/#breadcrumb","itemListElement":[{"@type":"ListItem","position":1,"name":"Accueil","item":"https:\/\/cathylkerempichon.com\/"},{"@type":"ListItem","position":2,"name":"MENTIONS LEGALES"}]},{"@type":"WebSite","@id":"https:\/\/cathylkerempichon.com\/#website","url":"https:\/\/cathylkerempichon.com\/","name":"C L.K","description":"Photographe dans les C\u00f4tes d&#039;Armor","publisher":{"@id":"https:\/\/cathylkerempichon.com\/#organization"},"alternateName":"cathylkerempichon.com","potentialAction":[{"@type":"SearchAction","target":{"@type":"EntryPoint","urlTemplate":"https:\/\/cathylkerempichon.com\/?s={search_term_string}"},"query-input":{"@type":"PropertyValueSpecification","valueRequired":true,"valueName":"search_term_string"}}],"inLanguage":"fr-FR"},{"@type":"Organization","@id":"https:\/\/cathylkerempichon.com\/#organization","name":"Cathy L . Kerempichon","url":"https:\/\/cathylkerempichon.com\/","logo":{"@type":"ImageObject","inLanguage":"fr-FR","@id":"https:\/\/cathylkerempichon.com\/#\/schema\/logo\/image\/","url":"https:\/\/cathylkerempichon.com\/wp-content\/uploads\/2023\/08\/Design-sans-titre-2.jpg","contentUrl":"https:\/\/cathylkerempichon.com\/wp-content\/uploads\/2023\/08\/Design-sans-titre-2.jpg","width":1080,"height":1080,"caption":"Cathy L . Kerempichon"},"image":{"@id":"https:\/\/cathylkerempichon.com\/#\/schema\/logo\/image\/"},"sameAs":["https:\/\/www.facebook.com\/profile.php?id=100063635105549","https:\/\/www.instagram.com\/cathy.lk.photographie\/"]}]}},"jetpack_sharing_enabled":true,"_links":{"self":[{"href":"https:\/\/cathylkerempichon.com\/index.php\/wp-json\/wp\/v2\/pages\/8219","targetHints":{"allow":["GET"]}}],"collection":[{"href":"https:\/\/cathylkerempichon.com\/index.php\/wp-json\/wp\/v2\/pages"}],"about":[{"href":"https:\/\/cathylkerempichon.com\/index.php\/wp-json\/wp\/v2\/types\/page"}],"author":[{"embeddable":true,"href":"https:\/\/cathylkerempichon.com\/index.php\/wp-json\/wp\/v2\/users\/1"}],"replies":[{"embeddable":true,"href":"https:\/\/cathylkerempichon.com\/index.php\/wp-json\/wp\/v2\/comments?post=8219"}],"version-history":[{"count":19,"href":"https:\/\/cathylkerempichon.com\/index.php\/wp-json\/wp\/v2\/pages\/8219\/revisions"}],"predecessor-version":[{"id":8250,"href":"https:\/\/cathylkerempichon.com\/index.php\/wp-json\/wp\/v2\/pages\/8219\/revisions\/8250"}],"wp:attachment":[{"href":"https:\/\/cathylkerempichon.com\/index.php\/wp-json\/wp\/v2\/media?parent=8219"}],"curies":[{"name":"wp","href":"https:\/\/api.w.org\/{rel}","templated":true}]}}